{"id":101,"date":"2021-11-30T17:18:08","date_gmt":"2021-11-30T16:18:08","guid":{"rendered":"https:\/\/biolopam.fr\/?page_id=101"},"modified":"2022-01-24T11:53:23","modified_gmt":"2022-01-24T10:53:23","slug":"nos-producteurs","status":"publish","type":"page","link":"https:\/\/biolopam.fr\/index.php\/nos-producteurs\/","title":{"rendered":"Les producteurs"},"content":{"rendered":"\r\n<h2>Une coop\u00e9rative<span class=\"highlight-text\">\u00a0\u00e0 taille humaine<\/span><\/h2>\r\n\r\n\r\n\r\n<div class=\"wp-block-columns is-layout-flex wp-container-core-columns-is-layout-1 wp-block-columns-is-layout-flex\">\r\n<div class=\"wp-block-column is-layout-flow wp-block-column-is-layout-flow\"><\/div>\r\n\r\n<div class=\"wp-block-column is-layout-flow wp-block-column-is-layout-flow\">\r\n<figure class=\"wp-block-image size-full\"><img loading=\"lazy\" decoding=\"async\" class=\"alignnone wp-image-42\" src=\"https:\/\/biolopam.fr\/wp-content\/uploads\/2022\/01\/PHIL1855-scaled-e1642605514722.jpg\" alt=\"R\u00e9union technique bout de champ\" width=\"960\" height=\"640\" \/><\/figure>\r\n<\/div>\r\n\r\n\r\n<\/div>\r\n\r\n<h2>Un accompagnement <span class=\"highlight-text\">technique<\/span><\/h2>\r\n<div class=\"wp-block-columns\">\r\n<div class=\"wp-block-column is-layout-flow wp-block-column-is-layout-flow\">\r\n<figure class=\"wp-block-image size-full\"><img loading=\"lazy\" decoding=\"async\" class=\"alignnone wp-image-42\" src=\"https:\/\/biolopam.fr\/wp-content\/uploads\/2022\/01\/ReuTech2-e1642591638845.png\" alt=\"R\u00e9union technique bout de champ\" width=\"960\" height=\"640\" \/><\/figure>\r\n<\/div>\r\n\r\n\r\n\r\n<div class=\"wp-block-column is-layout-flow wp-block-column-is-layout-flow\">\r\n\r\n\r\n<p class=\"has-medium-font-size\">Il est essentiel pour la coop\u00e9rative d\u2019apporter un soutien individuel \u00e0 ses producteurs. Chaque parcelle est s\u00e9lectionn\u00e9e et visit\u00e9e r\u00e9guli\u00e8rement par des techniciens qui en assurent le suivi de la pr\u00e9paration du sol \u00e0 la r\u00e9colte.<\/p>\r\n<p class=\"has-medium-font-size\">De plus, des r\u00e9unions techniques en salle ou sur le terrain sont organis\u00e9es afin de partager nos exp\u00e9riences et notre savoir-faire dans le but d\u2019optimiser notre travail et d\u2019am\u00e9liorer la qualit\u00e9 de nos produits.<\/p>\r\n<\/div>\r\n<\/div>\r\n<!-- \/wp:columns -->\r\n\r\n<!-- wp:paragraph {\"fontSize\":\"medium\"} -->\r\n<h2>Une gouvernance<span class=\"highlight-text\"> collective<\/span><\/h2>\r\n<p class=\"has-medium-font-size\">Notre conseil d\u2019administration est compos\u00e9 de producteurs. Toutes nos d\u00e9cisions sont prises de mani\u00e8re coll\u00e9giale. Il est important pour nous de garantir les int\u00e9r\u00eats de nos producteurs mais aussi de nos partenaires avec qui nous \u00e9changeons r\u00e9guli\u00e8rement.<\/p>\r\n<!-- \/wp:paragraph -->","protected":false},"excerpt":{"rendered":"<p>Une coop\u00e9rative\u00a0\u00e0 taille humaine Un accompagnement technique Il est essentiel pour la coop\u00e9rative d\u2019apporter un soutien individuel \u00e0 ses producteurs. Chaque parcelle est s\u00e9lectionn\u00e9e et visit\u00e9e r\u00e9guli\u00e8rement par des techniciens qui en assurent le suivi de la pr\u00e9paration du sol \u00e0 la r\u00e9colte. De plus, des r\u00e9unions techniques en salle ou sur le terrain sont organis\u00e9es afin de partager nos exp\u00e9riences et notre savoir-faire dans le but d\u2019optimiser notre travail et d\u2019am\u00e9liorer la qualit\u00e9 de nos produits. Une gouvernance collective Notre conseil d\u2019administration est compos\u00e9 de producteurs. Toutes nos d\u00e9cisions sont prises de mani\u00e8re coll\u00e9giale. Il est important pour nous&#8230; <\/p>\n","protected":false},"author":3,"featured_media":0,"parent":0,"menu_order":0,"comment_status":"closed","ping_status":"closed","template":"page-templates\/template-no-sidebar.php","meta":{"footnotes":""},"class_list":["post-101","page","type-page","status-publish","hentry"],"yoast_head":"<!-- This site is optimized with the Yoast SEO plugin v23.5 - https:\/\/yoast.com\/wordpress\/plugins\/seo\/ -->\n<title>Les producteurs - BIOLOPAM<\/title>\n<meta name=\"description\" content=\"Nos 21 producteurs et\/ou exploitations sont r\u00e9partis sur la communaut\u00e9 d&#039;agglom\u00e9ration La Rochelle (Charente-Maritime).\" \/>\n<meta name=\"robots\" content=\"index, follow, max-snippet:-1, max-image-preview:large, max-video-preview:-1\" \/>\n<link rel=\"canonical\" href=\"https:\/\/biolopam.fr\/index.php\/nos-producteurs\/\" \/>\n<meta property=\"og:locale\" content=\"fr_FR\" \/>\n<meta property=\"og:type\" content=\"article\" \/>\n<meta property=\"og:title\" content=\"Les producteurs - BIOLOPAM\" \/>\n<meta property=\"og:description\" content=\"Nos 21 producteurs et\/ou exploitations sont r\u00e9partis sur la communaut\u00e9 d&#039;agglom\u00e9ration La Rochelle (Charente-Maritime).\" \/>\n<meta property=\"og:url\" content=\"https:\/\/biolopam.fr\/index.php\/nos-producteurs\/\" \/>\n<meta property=\"og:site_name\" content=\"BIOLOPAM\" \/>\n<meta property=\"article:modified_time\" content=\"2022-01-24T10:53:23+00:00\" \/>\n<meta property=\"og:image\" content=\"https:\/\/biolopam.fr\/wp-content\/uploads\/2022\/01\/PHIL1855-scaled-e1642605514722.jpg\" \/>\n<meta name=\"twitter:card\" content=\"summary_large_image\" \/>\n<meta name=\"twitter:label1\" content=\"Dur\u00e9e de lecture estim\u00e9e\" \/>\n\t<meta name=\"twitter:data1\" content=\"2 minutes\" \/>\n<script type=\"application\/ld+json\" class=\"yoast-schema-graph\">{\"@context\":\"https:\/\/schema.org\",\"@graph\":[{\"@type\":\"WebPage\",\"@id\":\"https:\/\/biolopam.fr\/index.php\/nos-producteurs\/\",\"url\":\"https:\/\/biolopam.fr\/index.php\/nos-producteurs\/\",\"name\":\"Les producteurs - BIOLOPAM\",\"isPartOf\":{\"@id\":\"https:\/\/biolopam.fr\/#website\"},\"primaryImageOfPage\":{\"@id\":\"https:\/\/biolopam.fr\/index.php\/nos-producteurs\/#primaryimage\"},\"image\":{\"@id\":\"https:\/\/biolopam.fr\/index.php\/nos-producteurs\/#primaryimage\"},\"thumbnailUrl\":\"https:\/\/biolopam.fr\/wp-content\/uploads\/2022\/01\/PHIL1855-scaled-e1642605514722.jpg\",\"datePublished\":\"2021-11-30T16:18:08+00:00\",\"dateModified\":\"2022-01-24T10:53:23+00:00\",\"description\":\"Nos 21 producteurs et\/ou exploitations sont r\u00e9partis sur la communaut\u00e9 d'agglom\u00e9ration La Rochelle (Charente-Maritime).\",\"breadcrumb\":{\"@id\":\"https:\/\/biolopam.fr\/index.php\/nos-producteurs\/#breadcrumb\"},\"inLanguage\":\"fr-FR\",\"potentialAction\":[{\"@type\":\"ReadAction\",\"target\":[\"https:\/\/biolopam.fr\/index.php\/nos-producteurs\/\"]}]},{\"@type\":\"ImageObject\",\"inLanguage\":\"fr-FR\",\"@id\":\"https:\/\/biolopam.fr\/index.php\/nos-producteurs\/#primaryimage\",\"url\":\"https:\/\/biolopam.fr\/wp-content\/uploads\/2022\/01\/PHIL1855-scaled-e1642605514722.jpg\",\"contentUrl\":\"https:\/\/biolopam.fr\/wp-content\/uploads\/2022\/01\/PHIL1855-scaled-e1642605514722.jpg\",\"width\":330,\"height\":289},{\"@type\":\"BreadcrumbList\",\"@id\":\"https:\/\/biolopam.fr\/index.php\/nos-producteurs\/#breadcrumb\",\"itemListElement\":[{\"@type\":\"ListItem\",\"position\":1,\"name\":\"Accueil\",\"item\":\"https:\/\/biolopam.fr\/\"},{\"@type\":\"ListItem\",\"position\":2,\"name\":\"Les producteurs\"}]},{\"@type\":\"WebSite\",\"@id\":\"https:\/\/biolopam.fr\/#website\",\"url\":\"https:\/\/biolopam.fr\/\",\"name\":\"BIOLOPAM\",\"description\":\"Groupement de producteurs de plantes aromatiques et m\u00e9dicinales biologiques\",\"publisher\":{\"@id\":\"https:\/\/biolopam.fr\/#organization\"},\"potentialAction\":[{\"@type\":\"SearchAction\",\"target\":{\"@type\":\"EntryPoint\",\"urlTemplate\":\"https:\/\/biolopam.fr\/?s={search_term_string}\"},\"query-input\":{\"@type\":\"PropertyValueSpecification\",\"valueRequired\":true,\"valueName\":\"search_term_string\"}}],\"inLanguage\":\"fr-FR\"},{\"@type\":\"Organization\",\"@id\":\"https:\/\/biolopam.fr\/#organization\",\"name\":\"BIOLOPAM\",\"url\":\"https:\/\/biolopam.fr\/\",\"logo\":{\"@type\":\"ImageObject\",\"inLanguage\":\"fr-FR\",\"@id\":\"https:\/\/biolopam.fr\/#\/schema\/logo\/image\/\",\"url\":\"\",\"contentUrl\":\"\",\"caption\":\"BIOLOPAM\"},\"image\":{\"@id\":\"https:\/\/biolopam.fr\/#\/schema\/logo\/image\/\"}}]}<\/script>\n<!-- \/ Yoast SEO plugin. -->","yoast_head_json":{"title":"Les producteurs - BIOLOPAM","description":"Nos 21 producteurs et\/ou exploitations sont r\u00e9partis sur la communaut\u00e9 d'agglom\u00e9ration La Rochelle (Charente-Maritime).","robots":{"index":"index","follow":"follow","max-snippet":"max-snippet:-1","max-image-preview":"max-image-preview:large","max-video-preview":"max-video-preview:-1"},"canonical":"https:\/\/biolopam.fr\/index.php\/nos-producteurs\/","og_locale":"fr_FR","og_type":"article","og_title":"Les producteurs - BIOLOPAM","og_description":"Nos 21 producteurs et\/ou exploitations sont r\u00e9partis sur la communaut\u00e9 d'agglom\u00e9ration La Rochelle (Charente-Maritime).","og_url":"https:\/\/biolopam.fr\/index.php\/nos-producteurs\/","og_site_name":"BIOLOPAM","article_modified_time":"2022-01-24T10:53:23+00:00","og_image":[{"url":"https:\/\/biolopam.fr\/wp-content\/uploads\/2022\/01\/PHIL1855-scaled-e1642605514722.jpg"}],"twitter_card":"summary_large_image","twitter_misc":{"Dur\u00e9e de lecture estim\u00e9e":"2 minutes"},"schema":{"@context":"https:\/\/schema.org","@graph":[{"@type":"WebPage","@id":"https:\/\/biolopam.fr\/index.php\/nos-producteurs\/","url":"https:\/\/biolopam.fr\/index.php\/nos-producteurs\/","name":"Les producteurs - BIOLOPAM","isPartOf":{"@id":"https:\/\/biolopam.fr\/#website"},"primaryImageOfPage":{"@id":"https:\/\/biolopam.fr\/index.php\/nos-producteurs\/#primaryimage"},"image":{"@id":"https:\/\/biolopam.fr\/index.php\/nos-producteurs\/#primaryimage"},"thumbnailUrl":"https:\/\/biolopam.fr\/wp-content\/uploads\/2022\/01\/PHIL1855-scaled-e1642605514722.jpg","datePublished":"2021-11-30T16:18:08+00:00","dateModified":"2022-01-24T10:53:23+00:00","description":"Nos 21 producteurs et\/ou exploitations sont r\u00e9partis sur la communaut\u00e9 d'agglom\u00e9ration La Rochelle (Charente-Maritime).","breadcrumb":{"@id":"https:\/\/biolopam.fr\/index.php\/nos-producteurs\/#breadcrumb"},"inLanguage":"fr-FR","potentialAction":[{"@type":"ReadAction","target":["https:\/\/biolopam.fr\/index.php\/nos-producteurs\/"]}]},{"@type":"ImageObject","inLanguage":"fr-FR","@id":"https:\/\/biolopam.fr\/index.php\/nos-producteurs\/#primaryimage","url":"https:\/\/biolopam.fr\/wp-content\/uploads\/2022\/01\/PHIL1855-scaled-e1642605514722.jpg","contentUrl":"https:\/\/biolopam.fr\/wp-content\/uploads\/2022\/01\/PHIL1855-scaled-e1642605514722.jpg","width":330,"height":289},{"@type":"BreadcrumbList","@id":"https:\/\/biolopam.fr\/index.php\/nos-producteurs\/#breadcrumb","itemListElement":[{"@type":"ListItem","position":1,"name":"Accueil","item":"https:\/\/biolopam.fr\/"},{"@type":"ListItem","position":2,"name":"Les producteurs"}]},{"@type":"WebSite","@id":"https:\/\/biolopam.fr\/#website","url":"https:\/\/biolopam.fr\/","name":"BIOLOPAM","description":"Groupement de producteurs de plantes aromatiques et m\u00e9dicinales biologiques","publisher":{"@id":"https:\/\/biolopam.fr\/#organization"},"potentialAction":[{"@type":"SearchAction","target":{"@type":"EntryPoint","urlTemplate":"https:\/\/biolopam.fr\/?s={search_term_string}"},"query-input":{"@type":"PropertyValueSpecification","valueRequired":true,"valueName":"search_term_string"}}],"inLanguage":"fr-FR"},{"@type":"Organization","@id":"https:\/\/biolopam.fr\/#organization","name":"BIOLOPAM","url":"https:\/\/biolopam.fr\/","logo":{"@type":"ImageObject","inLanguage":"fr-FR","@id":"https:\/\/biolopam.fr\/#\/schema\/logo\/image\/","url":"","contentUrl":"","caption":"BIOLOPAM"},"image":{"@id":"https:\/\/biolopam.fr\/#\/schema\/logo\/image\/"}}]}},"_links":{"self":[{"href":"https:\/\/biolopam.fr\/index.php\/wp-json\/wp\/v2\/pages\/101"}],"collection":[{"href":"https:\/\/biolopam.fr\/index.php\/wp-json\/wp\/v2\/pages"}],"about":[{"href":"https:\/\/biolopam.fr\/index.php\/wp-json\/wp\/v2\/types\/page"}],"author":[{"embeddable":true,"href":"https:\/\/biolopam.fr\/index.php\/wp-json\/wp\/v2\/users\/3"}],"replies":[{"embeddable":true,"href":"https:\/\/biolopam.fr\/index.php\/wp-json\/wp\/v2\/comments?post=101"}],"version-history":[{"count":26,"href":"https:\/\/biolopam.fr\/index.php\/wp-json\/wp\/v2\/pages\/101\/revisions"}],"predecessor-version":[{"id":602,"href":"https:\/\/biolopam.fr\/index.php\/wp-json\/wp\/v2\/pages\/101\/revisions\/602"}],"wp:attachment":[{"href":"https:\/\/biolopam.fr\/index.php\/wp-json\/wp\/v2\/media?parent=101"}],"curies":[{"name":"wp","href":"https:\/\/api.w.org\/{rel}","templated":true}]}}