{"id":104,"date":"2021-11-30T17:18:08","date_gmt":"2021-11-30T16:18:08","guid":{"rendered":"https:\/\/biolopam.fr\/?page_id=104"},"modified":"2022-01-20T17:29:32","modified_gmt":"2022-01-20T16:29:32","slug":"transformation","status":"publish","type":"page","link":"https:\/\/biolopam.fr\/index.php\/transformation\/","title":{"rendered":"Transformation"},"content":{"rendered":"\r\n<p class=\"has-medium-font-size\">Les plantes que nous proposons peuvent \u00eatre vendues sous plusieurs formes : plante enti\u00e8re, feuilles pures, coup\u00e9es ou en poudre pour les march\u00e9s de l\u2019herboristerie et de la cosm\u00e9tique. Dans l\u2019objectif de r\u00e9pondre au mieux aux exigences de ses clients, et de garantir la qualit\u00e9 de sa production, la coop\u00e9rative suit un cahier des charges rigoureux et contr\u00f4le l\u2019ensemble de la cha\u00eene de transformation.<\/p>\r\n\r\n<h2>Les \u00e9tapes <span class=\"highlight-text\">de la production<\/span><\/h2>\r\n\r\n<ul class=\"has-medium-font-size wp-block-list\">\r\n<li><strong>La r\u00e9colte<\/strong> des plantes \u00e0 feuille est r\u00e9alis\u00e9e avec une faucheuse auto-chargeuse, les graines avec une moissonneuse-batteuse et quelques plantes indig\u00e8nes sont cueillies manuellement.<\/li>\r\n<li><strong>Le s\u00e9chage<\/strong> est effectu\u00e9 sit\u00f4t la r\u00e9colte afin d&rsquo;\u00e9viter toute d\u00e9gradation de la plante. Une veille quotidienne est n\u00e9cessaire jusqu&rsquo;\u00e0 son terme pour s&rsquo;assurer de l&rsquo;homog\u00e9n\u00e9it\u00e9 de la mati\u00e8re tout au long du processus.<\/li>\r\n<li><strong>L\u2019\u00e9chantillonnage<\/strong> est une \u00e9tape cl\u00e9 de notre d\u00e9marche qualit\u00e9. R\u00e9alis\u00e9 apr\u00e8s s\u00e9chage et sur chaque lot, l&rsquo;\u00e9chantillon est ensuite analys\u00e9 pour contr\u00f4ler le produit sur les plans chimique et\/ou bact\u00e9riologique.<\/li>\r\n<li><strong>Le battage<\/strong> des plantes \u00e0 feuille se fait avec une batteuse \u00e0 poste fixe. Celle-ci s\u00e9pare les tiges et les feuilles des plantes s\u00e8ches.<\/li>\r\n<li><strong>Le tamisage<\/strong> ou <strong>tri<\/strong> consiste \u00e0 nettoyer un produit ou \u00e0 s\u00e9parer un \u00e9l\u00e9ment par densit\u00e9, criblage et \u00e9mottage. Il concerne les feuilles et les graines et permet d&rsquo;obtenir un produit exempt d\u2019impuret\u00e9s.<\/li>\r\n<li><strong>La coupe<\/strong> est l&rsquo;op\u00e9ration de mise en poudre des produits destin\u00e9s \u00e0 l\u2019extraction ou aux infusettes.<\/li>\r\n<li><strong>Le stockage<\/strong> est r\u00e9gi par le principe de <em>marche en avant<\/em>. Les mati\u00e8res premi\u00e8res sont stock\u00e9es dans la premi\u00e8re salle du b\u00e2timent, en amont de la salle de transformation o\u00f9 sont r\u00e9alis\u00e9s le tamisage et la coupe. Les produits finis sont stock\u00e9s en aval, dans une troisi\u00e8me salle. Ces espaces sont enti\u00e8rement d\u00e9di\u00e9s au stockage et donc \u00e0 l\u2019abri de la lumi\u00e8re et de l\u2019humidit\u00e9.<\/li>\r\n<\/ul>\r\n<p><img loading=\"lazy\" decoding=\"async\" class=\"alignnone wp-image-522 size-full\" src=\"https:\/\/biolopam.fr\/wp-content\/uploads\/2022\/01\/trieur.jpg\" alt=\"Stockage b\u00e2timent biolopam\" width=\"1069\" height=\"395\" \/><\/p>","protected":false},"excerpt":{"rendered":"<p>Les plantes que nous proposons peuvent \u00eatre vendues sous plusieurs formes : plante enti\u00e8re, feuilles pures, coup\u00e9es ou en poudre pour les march\u00e9s de l\u2019herboristerie et de la cosm\u00e9tique. Dans l\u2019objectif de r\u00e9pondre au mieux aux exigences de ses clients, et de garantir la qualit\u00e9 de sa production, la coop\u00e9rative suit un cahier des charges rigoureux et contr\u00f4le l\u2019ensemble de la cha\u00eene de transformation. Les \u00e9tapes de la production La r\u00e9colte des plantes \u00e0 feuille est r\u00e9alis\u00e9e avec une faucheuse auto-chargeuse, les graines avec une moissonneuse-batteuse et quelques plantes indig\u00e8nes sont cueillies manuellement. Le s\u00e9chage est effectu\u00e9 sit\u00f4t la r\u00e9colte&#8230; <\/p>\n","protected":false},"author":3,"featured_media":0,"parent":0,"menu_order":2,"comment_status":"closed","ping_status":"closed","template":"page-templates\/template-no-sidebar.php","meta":{"footnotes":""},"class_list":["post-104","page","type-page","status-publish","hentry"],"yoast_head":"<!-- This site is optimized with the Yoast SEO plugin v23.5 - https:\/\/yoast.com\/wordpress\/plugins\/seo\/ -->\n<title>Transformation - BIOLOPAM<\/title>\n<meta name=\"description\" content=\"La coop\u00e9rative suit un cahier des charges rigoureux et contr\u00f4le l\u2019ensemble de la cha\u00eene de transformation de ses productions.\" \/>\n<meta name=\"robots\" content=\"index, follow, max-snippet:-1, max-image-preview:large, max-video-preview:-1\" \/>\n<link rel=\"canonical\" href=\"https:\/\/biolopam.fr\/index.php\/transformation\/\" \/>\n<meta property=\"og:locale\" content=\"fr_FR\" \/>\n<meta property=\"og:type\" content=\"article\" \/>\n<meta property=\"og:title\" content=\"Transformation - BIOLOPAM\" \/>\n<meta property=\"og:description\" content=\"La coop\u00e9rative suit un cahier des charges rigoureux et contr\u00f4le l\u2019ensemble de la cha\u00eene de transformation de ses productions.\" \/>\n<meta property=\"og:url\" content=\"https:\/\/biolopam.fr\/index.php\/transformation\/\" \/>\n<meta property=\"og:site_name\" content=\"BIOLOPAM\" \/>\n<meta property=\"article:modified_time\" content=\"2022-01-20T16:29:32+00:00\" \/>\n<meta property=\"og:image\" content=\"https:\/\/biolopam.fr\/wp-content\/uploads\/2022\/01\/trieur.jpg\" \/>\n<meta name=\"twitter:card\" content=\"summary_large_image\" \/>\n<meta name=\"twitter:label1\" content=\"Dur\u00e9e de lecture estim\u00e9e\" \/>\n\t<meta name=\"twitter:data1\" content=\"2 minutes\" \/>\n<script type=\"application\/ld+json\" class=\"yoast-schema-graph\">{\"@context\":\"https:\/\/schema.org\",\"@graph\":[{\"@type\":\"WebPage\",\"@id\":\"https:\/\/biolopam.fr\/index.php\/transformation\/\",\"url\":\"https:\/\/biolopam.fr\/index.php\/transformation\/\",\"name\":\"Transformation - BIOLOPAM\",\"isPartOf\":{\"@id\":\"https:\/\/biolopam.fr\/#website\"},\"primaryImageOfPage\":{\"@id\":\"https:\/\/biolopam.fr\/index.php\/transformation\/#primaryimage\"},\"image\":{\"@id\":\"https:\/\/biolopam.fr\/index.php\/transformation\/#primaryimage\"},\"thumbnailUrl\":\"https:\/\/biolopam.fr\/wp-content\/uploads\/2022\/01\/trieur.jpg\",\"datePublished\":\"2021-11-30T16:18:08+00:00\",\"dateModified\":\"2022-01-20T16:29:32+00:00\",\"description\":\"La coop\u00e9rative suit un cahier des charges rigoureux et contr\u00f4le l\u2019ensemble de la cha\u00eene de transformation de ses productions.\",\"breadcrumb\":{\"@id\":\"https:\/\/biolopam.fr\/index.php\/transformation\/#breadcrumb\"},\"inLanguage\":\"fr-FR\",\"potentialAction\":[{\"@type\":\"ReadAction\",\"target\":[\"https:\/\/biolopam.fr\/index.php\/transformation\/\"]}]},{\"@type\":\"ImageObject\",\"inLanguage\":\"fr-FR\",\"@id\":\"https:\/\/biolopam.fr\/index.php\/transformation\/#primaryimage\",\"url\":\"https:\/\/biolopam.fr\/wp-content\/uploads\/2022\/01\/trieur.jpg\",\"contentUrl\":\"https:\/\/biolopam.fr\/wp-content\/uploads\/2022\/01\/trieur.jpg\",\"width\":2048,\"height\":1365},{\"@type\":\"BreadcrumbList\",\"@id\":\"https:\/\/biolopam.fr\/index.php\/transformation\/#breadcrumb\",\"itemListElement\":[{\"@type\":\"ListItem\",\"position\":1,\"name\":\"Accueil\",\"item\":\"https:\/\/biolopam.fr\/\"},{\"@type\":\"ListItem\",\"position\":2,\"name\":\"Transformation\"}]},{\"@type\":\"WebSite\",\"@id\":\"https:\/\/biolopam.fr\/#website\",\"url\":\"https:\/\/biolopam.fr\/\",\"name\":\"BIOLOPAM\",\"description\":\"Groupement de producteurs de plantes aromatiques et m\u00e9dicinales biologiques\",\"publisher\":{\"@id\":\"https:\/\/biolopam.fr\/#organization\"},\"potentialAction\":[{\"@type\":\"SearchAction\",\"target\":{\"@type\":\"EntryPoint\",\"urlTemplate\":\"https:\/\/biolopam.fr\/?s={search_term_string}\"},\"query-input\":{\"@type\":\"PropertyValueSpecification\",\"valueRequired\":true,\"valueName\":\"search_term_string\"}}],\"inLanguage\":\"fr-FR\"},{\"@type\":\"Organization\",\"@id\":\"https:\/\/biolopam.fr\/#organization\",\"name\":\"BIOLOPAM\",\"url\":\"https:\/\/biolopam.fr\/\",\"logo\":{\"@type\":\"ImageObject\",\"inLanguage\":\"fr-FR\",\"@id\":\"https:\/\/biolopam.fr\/#\/schema\/logo\/image\/\",\"url\":\"\",\"contentUrl\":\"\",\"caption\":\"BIOLOPAM\"},\"image\":{\"@id\":\"https:\/\/biolopam.fr\/#\/schema\/logo\/image\/\"}}]}<\/script>\n<!-- \/ Yoast SEO plugin. -->","yoast_head_json":{"title":"Transformation - BIOLOPAM","description":"La coop\u00e9rative suit un cahier des charges rigoureux et contr\u00f4le l\u2019ensemble de la cha\u00eene de transformation de ses productions.","robots":{"index":"index","follow":"follow","max-snippet":"max-snippet:-1","max-image-preview":"max-image-preview:large","max-video-preview":"max-video-preview:-1"},"canonical":"https:\/\/biolopam.fr\/index.php\/transformation\/","og_locale":"fr_FR","og_type":"article","og_title":"Transformation - BIOLOPAM","og_description":"La coop\u00e9rative suit un cahier des charges rigoureux et contr\u00f4le l\u2019ensemble de la cha\u00eene de transformation de ses productions.","og_url":"https:\/\/biolopam.fr\/index.php\/transformation\/","og_site_name":"BIOLOPAM","article_modified_time":"2022-01-20T16:29:32+00:00","og_image":[{"url":"https:\/\/biolopam.fr\/wp-content\/uploads\/2022\/01\/trieur.jpg"}],"twitter_card":"summary_large_image","twitter_misc":{"Dur\u00e9e de lecture estim\u00e9e":"2 minutes"},"schema":{"@context":"https:\/\/schema.org","@graph":[{"@type":"WebPage","@id":"https:\/\/biolopam.fr\/index.php\/transformation\/","url":"https:\/\/biolopam.fr\/index.php\/transformation\/","name":"Transformation - BIOLOPAM","isPartOf":{"@id":"https:\/\/biolopam.fr\/#website"},"primaryImageOfPage":{"@id":"https:\/\/biolopam.fr\/index.php\/transformation\/#primaryimage"},"image":{"@id":"https:\/\/biolopam.fr\/index.php\/transformation\/#primaryimage"},"thumbnailUrl":"https:\/\/biolopam.fr\/wp-content\/uploads\/2022\/01\/trieur.jpg","datePublished":"2021-11-30T16:18:08+00:00","dateModified":"2022-01-20T16:29:32+00:00","description":"La coop\u00e9rative suit un cahier des charges rigoureux et contr\u00f4le l\u2019ensemble de la cha\u00eene de transformation de ses productions.","breadcrumb":{"@id":"https:\/\/biolopam.fr\/index.php\/transformation\/#breadcrumb"},"inLanguage":"fr-FR","potentialAction":[{"@type":"ReadAction","target":["https:\/\/biolopam.fr\/index.php\/transformation\/"]}]},{"@type":"ImageObject","inLanguage":"fr-FR","@id":"https:\/\/biolopam.fr\/index.php\/transformation\/#primaryimage","url":"https:\/\/biolopam.fr\/wp-content\/uploads\/2022\/01\/trieur.jpg","contentUrl":"https:\/\/biolopam.fr\/wp-content\/uploads\/2022\/01\/trieur.jpg","width":2048,"height":1365},{"@type":"BreadcrumbList","@id":"https:\/\/biolopam.fr\/index.php\/transformation\/#breadcrumb","itemListElement":[{"@type":"ListItem","position":1,"name":"Accueil","item":"https:\/\/biolopam.fr\/"},{"@type":"ListItem","position":2,"name":"Transformation"}]},{"@type":"WebSite","@id":"https:\/\/biolopam.fr\/#website","url":"https:\/\/biolopam.fr\/","name":"BIOLOPAM","description":"Groupement de producteurs de plantes aromatiques et m\u00e9dicinales biologiques","publisher":{"@id":"https:\/\/biolopam.fr\/#organization"},"potentialAction":[{"@type":"SearchAction","target":{"@type":"EntryPoint","urlTemplate":"https:\/\/biolopam.fr\/?s={search_term_string}"},"query-input":{"@type":"PropertyValueSpecification","valueRequired":true,"valueName":"search_term_string"}}],"inLanguage":"fr-FR"},{"@type":"Organization","@id":"https:\/\/biolopam.fr\/#organization","name":"BIOLOPAM","url":"https:\/\/biolopam.fr\/","logo":{"@type":"ImageObject","inLanguage":"fr-FR","@id":"https:\/\/biolopam.fr\/#\/schema\/logo\/image\/","url":"","contentUrl":"","caption":"BIOLOPAM"},"image":{"@id":"https:\/\/biolopam.fr\/#\/schema\/logo\/image\/"}}]}},"_links":{"self":[{"href":"https:\/\/biolopam.fr\/index.php\/wp-json\/wp\/v2\/pages\/104"}],"collection":[{"href":"https:\/\/biolopam.fr\/index.php\/wp-json\/wp\/v2\/pages"}],"about":[{"href":"https:\/\/biolopam.fr\/index.php\/wp-json\/wp\/v2\/types\/page"}],"author":[{"embeddable":true,"href":"https:\/\/biolopam.fr\/index.php\/wp-json\/wp\/v2\/users\/3"}],"replies":[{"embeddable":true,"href":"https:\/\/biolopam.fr\/index.php\/wp-json\/wp\/v2\/comments?post=104"}],"version-history":[{"count":17,"href":"https:\/\/biolopam.fr\/index.php\/wp-json\/wp\/v2\/pages\/104\/revisions"}],"predecessor-version":[{"id":598,"href":"https:\/\/biolopam.fr\/index.php\/wp-json\/wp\/v2\/pages\/104\/revisions\/598"}],"wp:attachment":[{"href":"https:\/\/biolopam.fr\/index.php\/wp-json\/wp\/v2\/media?parent=104"}],"curies":[{"name":"wp","href":"https:\/\/api.w.org\/{rel}","templated":true}]}}